{"id":8991,"date":"2024-03-26T19:38:31","date_gmt":"2024-03-26T19:38:31","guid":{"rendered":"https:\/\/www.amadeus-ptuj.si\/piskotki-copy\/"},"modified":"2024-04-12T21:24:17","modified_gmt":"2024-04-12T21:24:17","slug":"politika-zasebnosti","status":"publish","type":"page","link":"https:\/\/www.amadeus-ptuj.si\/en\/politika-zasebnosti\/","title":{"rendered":"Politika zasebnosti"},"content":{"rendered":"<div data-elementor-type=\"wp-page\" data-elementor-id=\"8991\" class=\"elementor elementor-8991\">\n\t\t\t\t\t\t\t\t\t<section class=\"elementor-section elementor-top-section elementor-element elementor-element-5fcbe383 elementor-section-height-min-height ct-section-stretched elementor-section-items-top elementor-section-boxed elementor-section-height-default\" data-id=\"5fcbe383\" data-element_type=\"section\" data-settings=\"{&quot;jet_parallax_layout_list&quot;:[],&quot;background_background&quot;:&quot;classic&quot;}\">\n\t\t\t\t\t\t\t<div class=\"elementor-background-overlay\"><\/div>\n\t\t\t\t\t\t\t<div class=\"elementor-container elementor-column-gap-no\">\n\t\t\t\t\t<div class=\"elementor-column elementor-col-100 elementor-top-column elementor-element elementor-element-2c814417 123\" data-id=\"2c814417\" data-element_type=\"column\">\n\t\t\t<div class=\"elementor-widget-wrap elementor-element-populated\">\n\t\t\t\t\t\t\t\t<div class=\"elementor-element elementor-element-33c27a11 carovnija elementor-widget elementor-widget-heading\" data-id=\"33c27a11\" data-element_type=\"widget\" data-widget_type=\"heading.default\">\n\t\t\t\t<div class=\"elementor-widget-container\">\n\t\t\t<style>\/*! elementor - v3.12.1 - 02-04-2023 *\/\n.elementor-heading-title{padding:0;margin:0;line-height:1}.elementor-widget-heading .elementor-heading-title[class*=elementor-size-]>a{color:inherit;font-size:inherit;line-height:inherit}.elementor-widget-heading .elementor-heading-title.elementor-size-small{font-size:15px}.elementor-widget-heading .elementor-heading-title.elementor-size-medium{font-size:19px}.elementor-widget-heading .elementor-heading-title.elementor-size-large{font-size:29px}.elementor-widget-heading .elementor-heading-title.elementor-size-xl{font-size:39px}.elementor-widget-heading .elementor-heading-title.elementor-size-xxl{font-size:59px}<\/style><h2 class=\"elementor-heading-title elementor-size-default\">Politika zasebnosti<\/h2>\t\t<\/div>\n\t\t\t\t<\/div>\n\t\t\t\t<div class=\"elementor-element elementor-element-3f1a694c elementor-widget-divider--separator-type-pattern elementor-widget-divider--view-line elementor-widget elementor-widget-divider\" data-id=\"3f1a694c\" data-element_type=\"widget\" data-widget_type=\"divider.default\">\n\t\t\t\t<div class=\"elementor-widget-container\">\n\t\t\t<style>\/*! elementor - v3.12.1 - 02-04-2023 *\/\n.elementor-widget-divider{--divider-border-style:none;--divider-border-width:1px;--divider-color:#0c0d0e;--divider-icon-size:20px;--divider-element-spacing:10px;--divider-pattern-height:24px;--divider-pattern-size:20px;--divider-pattern-url:none;--divider-pattern-repeat:repeat-x}.elementor-widget-divider .elementor-divider{display:flex}.elementor-widget-divider .elementor-divider__text{font-size:15px;line-height:1;max-width:95%}.elementor-widget-divider .elementor-divider__element{margin:0 var(--divider-element-spacing);flex-shrink:0}.elementor-widget-divider .elementor-icon{font-size:var(--divider-icon-size)}.elementor-widget-divider .elementor-divider-separator{display:flex;margin:0;direction:ltr}.elementor-widget-divider--view-line_icon .elementor-divider-separator,.elementor-widget-divider--view-line_text .elementor-divider-separator{align-items:center}.elementor-widget-divider--view-line_icon .elementor-divider-separator:after,.elementor-widget-divider--view-line_icon .elementor-divider-separator:before,.elementor-widget-divider--view-line_text .elementor-divider-separator:after,.elementor-widget-divider--view-line_text .elementor-divider-separator:before{display:block;content:\"\";border-bottom:0;flex-grow:1;border-top:var(--divider-border-width) var(--divider-border-style) var(--divider-color)}.elementor-widget-divider--element-align-left .elementor-divider .elementor-divider-separator>.elementor-divider__svg:first-of-type{flex-grow:0;flex-shrink:100}.elementor-widget-divider--element-align-left .elementor-divider-separator:before{content:none}.elementor-widget-divider--element-align-left .elementor-divider__element{margin-left:0}.elementor-widget-divider--element-align-right .elementor-divider .elementor-divider-separator>.elementor-divider__svg:last-of-type{flex-grow:0;flex-shrink:100}.elementor-widget-divider--element-align-right .elementor-divider-separator:after{content:none}.elementor-widget-divider--element-align-right .elementor-divider__element{margin-right:0}.elementor-widget-divider:not(.elementor-widget-divider--view-line_text):not(.elementor-widget-divider--view-line_icon) .elementor-divider-separator{border-top:var(--divider-border-width) var(--divider-border-style) var(--divider-color)}.elementor-widget-divider--separator-type-pattern{--divider-border-style:none}.elementor-widget-divider--separator-type-pattern.elementor-widget-divider--view-line .elementor-divider-separator,.elementor-widget-divider--separator-type-pattern:not(.elementor-widget-divider--view-line) .elementor-divider-separator:after,.elementor-widget-divider--separator-type-pattern:not(.elementor-widget-divider--view-line) .elementor-divider-separator:before,.elementor-widget-divider--separator-type-pattern:not([class*=elementor-widget-divider--view]) .elementor-divider-separator{width:100%;min-height:var(--divider-pattern-height);-webkit-mask-size:var(--divider-pattern-size) 100%;mask-size:var(--divider-pattern-size) 100%;-webkit-mask-repeat:var(--divider-pattern-repeat);mask-repeat:var(--divider-pattern-repeat);background-color:var(--divider-color);-webkit-mask-image:var(--divider-pattern-url);mask-image:var(--divider-pattern-url)}.elementor-widget-divider--no-spacing{--divider-pattern-size:auto}.elementor-widget-divider--bg-round{--divider-pattern-repeat:round}.rtl .elementor-widget-divider .elementor-divider__text{direction:rtl}.e-con-inner>.elementor-widget-divider,.e-con>.elementor-widget-divider{width:var(--container-widget-width,100%);--flex-grow:var(--container-widget-flex-grow)}<\/style>\t\t<div class=\"elementor-divider\" style=\"--divider-pattern-url: url(&quot;data:image\/svg+xml,%3Csvg xmlns=&#039;http:\/\/www.w3.org\/2000\/svg&#039; preserveAspectRatio=&#039;none&#039; overflow=&#039;visible&#039; height=&#039;100%&#039; viewBox=&#039;0 0 24 24&#039; fill=&#039;black&#039; stroke=&#039;none&#039;%3E%3Cpath d=&#039;M12.7,2.3c-0.4-0.4-1.1-0.4-1.5,0l-8,9.1c-0.3,0.4-0.3,0.9,0,1.2l8,9.1c0.4,0.4,1.1,0.4,1.5,0l8-9.1c0.3-0.4,0.3-0.9,0-1.2L12.7,2.3z&#039;\/%3E%3C\/svg%3E&quot;);\">\n\t\t\t<span class=\"elementor-divider-separator\">\n\t\t\t\t\t\t<\/span>\n\t\t<\/div>\n\t\t\t\t<\/div>\n\t\t\t\t<\/div>\n\t\t\t\t<section class=\"elementor-section elementor-inner-section elementor-element elementor-element-36bff5ce elementor-section-full_width elementor-section-height-default elementor-section-height-default\" data-id=\"36bff5ce\" data-element_type=\"section\" data-settings=\"{&quot;jet_parallax_layout_list&quot;:[]}\">\n\t\t\t\t\t\t<div class=\"elementor-container elementor-column-gap-default\">\n\t\t\t\t\t<div class=\"elementor-column elementor-col-100 elementor-inner-column elementor-element elementor-element-68fffc1d\" data-id=\"68fffc1d\" data-element_type=\"column\" data-settings=\"{&quot;background_background&quot;:&quot;classic&quot;}\">\n\t\t\t<div class=\"elementor-widget-wrap elementor-element-populated\">\n\t\t\t\t\t\t\t\t<div class=\"elementor-element elementor-element-3f13937 elementor-widget elementor-widget-text-editor\" data-id=\"3f13937\" data-element_type=\"widget\" data-widget_type=\"text-editor.default\">\n\t\t\t\t<div class=\"elementor-widget-container\">\n\t\t\t<style>\/*! elementor - v3.12.1 - 02-04-2023 *\/\n.elementor-widget-text-editor.elementor-drop-cap-view-stacked .elementor-drop-cap{background-color:#69727d;color:#fff}.elementor-widget-text-editor.elementor-drop-cap-view-framed .elementor-drop-cap{color:#69727d;border:3px solid;background-color:transparent}.elementor-widget-text-editor:not(.elementor-drop-cap-view-default) .elementor-drop-cap{margin-top:8px}.elementor-widget-text-editor:not(.elementor-drop-cap-view-default) .elementor-drop-cap-letter{width:1em;height:1em}.elementor-widget-text-editor .elementor-drop-cap{float:left;text-align:center;line-height:1;font-size:50px}.elementor-widget-text-editor .elementor-drop-cap-letter{display:inline-block}<\/style>\t\t\t\t<p>Upravljavec osebnih podatkov v pomenu, kot ga dolo\u010data Splo\u0161na uredba EU o varstvu osebnih podatkov in veljavni zakon, ki ureja varstvo osebnih podatkov \u2013 GDPR je:<\/p><p>\u00a0<\/p><p>Vladimira Koro\u0161ec S.P<\/p><p>Pre\u0161ernova ulica 36<\/p><p>2250 Ptuj<\/p><p>Info : <a href=\"mailto:amadeus@amis.net\">amadeus@amis.net<\/a><\/p><p>\u00a0<\/p><p>Gostilna Amadeus ( Vladimira Koro\u0161ec s.p ) spo\u0161tuje va\u0161o zasebnost in je zavezana, da pri zbiranju, hrambi in obdelavi osebnih podatkov ravna skrbno in v skladu z veljavnimi predpisi o varstvu osebnih podatkov. Ker obstajajo v spletnem informacijskem sistemu Gostilna Amadeus ( Vladimira Koro\u0161ec s.p ) dolo\u010dene povezave na druge, zunanje spletne strani, ki niso neposredno vezane na Gostilna Amadeus ( Vladimira Koro\u0161ec s.p ), ne prevzemamo nikakr\u0161ne odgovornosti za za\u0161\u010dito podatkov na teh spletnih straneh.<\/p><p>\u00a0<\/p><p>Da bi prepre\u010dili nepoobla\u0161\u010den dostop do pridobljenih podatkov ali njihovo razkritje, ohranili natan\u010dnost osebnih podatkov in zagotovili njihovo ustrezno uporabo, uporabljamo ustrezne tehni\u010dne in organizacijske postopke za zavarovanje podatkov, ki jih zbiramo. Gostilna Amadeus ( Vladimira Koro\u0161ec s.p.) ne more izklju\u010diti morebitne zlorabe podatkov, saj je internet navkljub varnostnim ukrepom in varnostnim komunikacijskim protokolom nepredvidljiv medij.<\/p><p>\u00a0<\/p><p><strong>Va\u0161e pravice<\/strong><\/p><p>V skladu z dolo\u010dili Splo\u0161ne uredbe EU o varstvu osebnih podatkov (GDPR) imate pravico do dostopa do va\u0161ih osebnih podatkov, pravico do popravka, pravico do izbrisa (\u00bbpozabe\u00ab), pravico do prenosljivosti, pravico zahtevati omejitev obdelave osebnih podatkov in pravico do ugovora. Va\u0161e podatke lahko kadarkoli pregledate ter spremenite s klikom na povezavo \u00bbSprememba nastavitev prejemanja e-novic in odjava\u00ab.<\/p><p>\u00a0<\/p><p>Pri uveljavljanju vseh va\u0161ih pravic ali pri pridobivanju dodatnih informacij se obrnite na na\u0161o poobla\u0161\u010deno osebo za varstvo podatkov, ki vam je na voljo na e-naslovu: amadeus@amis.net Va\u0161o vlogo bomo obravnavali in nanjo odgovorili v skladu z GDPR.<\/p><p>\u00a0<\/p><p>\u010ce menite, da so kr\u0161ene va\u0161e pravice ali predpisi o varstvu osebnih podatkov se lahko prito\u017eite pristojnemu dr\u017eavnemu organu:<\/p><p>\u00a0<\/p><p>Informacijski poobla\u0161\u010denec Republike Slovenije (Zalo\u0161ka 59, 1000 Ljubljana, telefon: 01 230 97 30, faks: 01 230 97 78, e-po\u0161ta:<a href=\"mailto:gp.ip@ip-rs.si\">gp.ip@ip-rs.si<\/a>).<\/p><p>\u00a0<\/p><p><strong>\u010cas hrambe osebnih podatkov<\/strong><\/p><p>Gostilna Amadeus ( Vladimira Koro\u0161ec s.p ) hrani va\u0161e osebne podatke toliko \u010dasa, kolikor je to potrebno za komunikacijo.<\/p><p>\u00a0<\/p><p>\u00a0<\/p><p>Rok hrambe osebnih podatkov se lahko razlikuje glede na veljavno sektorsko zakonodajo (npr. zakonodaja s podro\u010dja davkov, ra\u010dunovodstva). V primeru, ko veljavna sektorska zakonodaja dolo\u010da obvezne roke za hrambo osebnih podatkov, Gostilna Amadeus ( Vladimira Koro\u0161ec s.p ) izbri\u0161e osebne podatke po poteku z zakonom predpisanega obveznega roka.<\/p><p>\u00a0<\/p><p><strong>KOMENTARJI<\/strong><br \/>Komentarji so onemogo\u010deni.<\/p><p>\u00a0<\/p><p><strong>MEDIJI<\/strong><br \/>Fotografije na strani ne vsebujejo nobenih informacij o osebah in lokacijah, upodobljenih na njih.<\/p><p>\u00a0<\/p><p><strong>PI\u0160KOTKI<\/strong><\/p><p>\u00a0<\/p><p>OBVESTILO O UPORABI SPLETNIH PI\u0160KOV<\/p><p>Spremenjeni Zakon o elektronskih komunikacijah (Uradni list \u0161t. 109\/2012; v nadaljevanju ZEKom-1), ki je za\u010del veljati v za\u010detku leta 2013, je prinesel nova pravila glede uporabe pi\u0161kotkov in podobnih tehnologij za shranjevanje informacij ali dostop do informacij, shranjenih na ra\u010dunalniku ali mobilni napravi uporabnika. Pi\u0161kotki niso ni\u010d novega, zakon je posegel zgolj v na\u010din obve\u0161\u010danja in soglasja uporabnikov spletne strani glede njihove uporabe.<\/p><p>\u00a0<\/p><p>UPORABA PI\u0160KOTOV NA STRANI<\/p><p>Na spletni strani uporabljamo spletne pi\u0161kote za potrebe lastne evidence, za zagotavljanja najbolj\u0161e uporabni\u0161ke izku\u0161nje ter tehni\u010dno optimizacijo strani. Pridobljeni podatki se zbirajo z lastno tehnologijo in se ne delijo z drugimi.<\/p><p>\u00a0<\/p><p>.) hrani va\u0161e osebne podatke toliko \u010dasa, kolikor je to potrebno za komunikacijo.<\/p><p>\u00a0<\/p><p>\u00a0<\/p><p>Rok hrambe osebnih podatkov se lahko razlikuje glede na veljavno sektorsko zakonodajo (npr. zakonodaja s podro\u010dja davkov, ra\u010dunovodstva). V primeru, ko veljavna sektorska zakonodaja dolo\u010da obvezne roke za hrambo osebnih podatkov, <strong>\u010cas hrambe osebnih podatkov<\/strong><\/p><p>Gostilna Amadeus ( Vladimira Koro\u0161ec s.p ) hrani va\u0161e osebne podatke toliko \u010dasa, kolikor je to potrebno za komunikacijo.<\/p><p>\u00a0<\/p><p>\u00a0<\/p><p>Rok hrambe osebnih podatkov se lahko razlikuje glede na veljavno sektorsko zakonodajo (npr. zakonodaja s podro\u010dja davkov, ra\u010dunovodstva). V primeru, ko veljavna sektorska zakonodaja dolo\u010da obvezne roke za hrambo osebnih podatkov, Gostilna Amadeus ( Vladimira Koro\u0161ec s.p ) izbri\u0161e osebne podatke po poteku z zakonom predpisanega obveznega roka.<\/p><p>\u00a0<\/p><p><strong>KOMENTARJI<\/strong><br \/>Komentarji so onemogo\u010deni.<\/p><p>\u00a0<\/p><p><strong>MEDIJI<\/strong><br \/>Fotografije na strani ne vsebujejo nobenih informacij o osebah in lokacijah, upodobljenih na njih.<\/p><p>\u00a0<\/p><p><strong>PI\u0160KOTKI<\/strong><\/p><p>\u00a0<\/p><p>OBVESTILO O UPORABI SPLETNIH PI\u0160KOV<\/p><p>Spremenjeni Zakon o elektronskih komunikacijah (Uradni list \u0161t. 109\/2012; v nadaljevanju ZEKom-1), ki je za\u010del veljati v za\u010detku leta 2013, je prinesel nova pravila glede uporabe pi\u0161kotkov in podobnih tehnologij za shranjevanje informacij ali dostop do informacij, shranjenih na ra\u010dunalniku ali mobilni napravi uporabnika. Pi\u0161kotki niso ni\u010d novega, zakon je posegel zgolj v na\u010din obve\u0161\u010danja in soglasja uporabnikov spletne strani glede njihove uporabe.<\/p><p>\u00a0<\/p><p>UPORABA PI\u0160KOTOV NA STRANI<\/p><p>Na spletni strani uporabljamo spletne pi\u0161kote za potrebe lastne evidence, za zagotavljanja najbolj\u0161e uporabni\u0161ke izku\u0161nje ter tehni\u010dno optimizacijo strani. Pridobljeni podatki se zbirajo z lastno tehnologijo in se ne delijo z drugimi.<\/p><p>\u00a0<\/p><p>\u00a0izbri\u0161e osebne podatke po poteku z zakonom predpisanega obveznega roka.<\/p><p>\u00a0<\/p><p><strong>KOMENTARJI<\/strong><br \/>Komentarji so onemogo\u010deni.<\/p><p>\u00a0<\/p><p><strong>MEDIJI<\/strong><br \/>Fotografije na strani ne vsebujejo nobenih informacij o osebah in lokacijah, upodobljenih na njih.<\/p><p>\u00a0<\/p><p><strong>PI\u0160KOTKI<\/strong><\/p><p>\u00a0<\/p><p>OBVESTILO O UPORABI SPLETNIH PI\u0160KOV<\/p><p>Spremenjeni Zakon o elektronskih komunikacijah (Uradni list \u0161t. 109\/2012; v nadaljevanju ZEKom-1), ki je za\u010del veljati v za\u010detku leta 2013, je prinesel nova pravila glede uporabe pi\u0161kotkov in podobnih tehnologij za shranjevanje informacij ali dostop do informacij, shranjenih na ra\u010dunalniku ali mobilni napravi uporabnika. Pi\u0161kotki niso ni\u010d novega, zakon je posegel zgolj v na\u010din obve\u0161\u010danja in soglasja uporabnikov spletne strani glede njihove uporabe.<\/p><p>\u00a0<\/p><p>UPORABA PI\u0160KOTOV NA STRANI<\/p><p>Na spletni strani uporabljamo spletne pi\u0161kote za potrebe lastne evidence, za zagotavljanja najbolj\u0161e uporabni\u0161ke izku\u0161nje ter tehni\u010dno optimizacijo strani. Pridobljeni podatki se zbirajo z lastno tehnologijo in se ne delijo z drugimi.<\/p><p>\u00a0<\/p><p>\u00a0<\/p><p><strong>VGRAJENA VSEBINA Z DRUGIH SPLETNIH STRANI<\/strong><br \/>\u010clanki lahko vsebujejo vgrajeno vsebino, kot so videi z YouTuba. Ogled te vsebine ima enak u\u010dinek, kot da bi si vsebino ogledali na spletni strani, na kateri se nahaja.<\/p><p>\u00a0<\/p><p>Te strani lahko zbirajo podatke o vas, uporabljajo pi\u0161kotke, vgrajujejo sledenje tretjih strani ter nadzirajo in sledijo va\u0161i interakciji s to vsebino, \u010de imate na omenjeni tretji strani aktiven ra\u010dun in ste v tem \u010dasu prijavljeni vanjo.<\/p><p>\u00a0<\/p>\t\t\t\t\t\t<\/div>\n\t\t\t\t<\/div>\n\t\t\t\t\t<\/div>\n\t\t<\/div>\n\t\t\t\t\t\t\t<\/div>\n\t\t<\/section>\n\t\t\t\t<section class=\"elementor-section elementor-inner-section elementor-element elementor-element-25c3fb5 elementor-section-full_width elementor-hidden-tablet elementor-hidden-mobile elementor-section-height-default elementor-section-height-default\" data-id=\"25c3fb5\" data-element_type=\"section\" data-settings=\"{&quot;jet_parallax_layout_list&quot;:[]}\">\n\t\t\t\t\t\t<div class=\"elementor-container elementor-column-gap-default\">\n\t\t\t\t\t<div class=\"elementor-column elementor-col-100 elementor-inner-column elementor-element elementor-element-20d6d55a\" data-id=\"20d6d55a\" data-element_type=\"column\">\n\t\t\t<div class=\"elementor-widget-wrap\">\n\t\t\t\t\t\t\t\t\t<\/div>\n\t\t<\/div>\n\t\t\t\t\t\t\t<\/div>\n\t\t<\/section>\n\t\t\t\t\t<\/div>\n\t\t<\/div>\n\t\t\t\t\t\t\t<\/div>\n\t\t<\/section>\n\t\t\t\t\t\t\t<\/div>","protected":false},"excerpt":{"rendered":"<p>Upravljavec osebnih podatkov v pomenu, kot ga dolo\u010data Splo\u0161na uredba EU o varstvu osebnih podatkov in veljavni zakon, ki ureja varstvo osebnih podatkov \u2013 GDPR je: \u00a0 Vladimira Koro\u0161ec S.P Pre\u0161ernova ulica 36 2250 Ptuj Info : amadeus@amis.net \u00a0 Gostilna Amadeus ( Vladimira Koro\u0161ec s.p ) spo\u0161tuje va\u0161o zasebnost in je zavezana, da pri zbiranju, hrambi in obdelavi osebnih podatkov ravna skrbno in v skladu z veljavnimi predpisi o varstvu osebnih podatkov. Ker obstajajo v spletnem informacijskem sistemu Gostilna Amadeus ( Vladimira Koro\u0161ec s.p ) dolo\u010dene povezave na druge, zunanje spletne strani, ki niso neposredno vezane na Gostilna Amadeus (\u2026<\/p>","protected":false},"author":1,"featured_media":0,"parent":0,"menu_order":0,"comment_status":"closed","ping_status":"closed","template":"","meta":{"_seopress_robots_primary_cat":"","footnotes":""},"class_list":["post-8991","page","type-page","status-publish","hentry"],"blocksy_meta":"","_links":{"self":[{"href":"https:\/\/www.amadeus-ptuj.si\/en\/wp-json\/wp\/v2\/pages\/8991","targetHints":{"allow":["GET"]}}],"collection":[{"href":"https:\/\/www.amadeus-ptuj.si\/en\/wp-json\/wp\/v2\/pages"}],"about":[{"href":"https:\/\/www.amadeus-ptuj.si\/en\/wp-json\/wp\/v2\/types\/page"}],"author":[{"embeddable":true,"href":"https:\/\/www.amadeus-ptuj.si\/en\/wp-json\/wp\/v2\/users\/1"}],"replies":[{"embeddable":true,"href":"https:\/\/www.amadeus-ptuj.si\/en\/wp-json\/wp\/v2\/comments?post=8991"}],"version-history":[{"count":0,"href":"https:\/\/www.amadeus-ptuj.si\/en\/wp-json\/wp\/v2\/pages\/8991\/revisions"}],"wp:attachment":[{"href":"https:\/\/www.amadeus-ptuj.si\/en\/wp-json\/wp\/v2\/media?parent=8991"}],"curies":[{"name":"wp","href":"https:\/\/api.w.org\/{rel}","templated":true}]}}