{"id":8946,"date":"2024-03-25T18:36:18","date_gmt":"2024-03-25T18:36:18","guid":{"rendered":"https:\/\/www.amadeus-ptuj.si\/?page_id=8946"},"modified":"2024-03-26T19:38:09","modified_gmt":"2024-03-26T19:38:09","slug":"piskotki","status":"publish","type":"page","link":"https:\/\/www.amadeus-ptuj.si\/en\/piskotki\/","title":{"rendered":"Pi\u0161kotki"},"content":{"rendered":"<div data-elementor-type=\"wp-page\" data-elementor-id=\"8946\" class=\"elementor elementor-8946\">\n\t\t\t\t\t\t\t\t\t<section class=\"elementor-section elementor-top-section elementor-element elementor-element-5fcbe383 elementor-section-height-min-height ct-section-stretched elementor-section-items-top elementor-section-boxed elementor-section-height-default\" data-id=\"5fcbe383\" data-element_type=\"section\" data-settings=\"{&quot;jet_parallax_layout_list&quot;:[],&quot;background_background&quot;:&quot;classic&quot;}\">\n\t\t\t\t\t\t\t<div class=\"elementor-background-overlay\"><\/div>\n\t\t\t\t\t\t\t<div class=\"elementor-container elementor-column-gap-no\">\n\t\t\t\t\t<div class=\"elementor-column elementor-col-100 elementor-top-column elementor-element elementor-element-2c814417 123\" data-id=\"2c814417\" data-element_type=\"column\">\n\t\t\t<div class=\"elementor-widget-wrap elementor-element-populated\">\n\t\t\t\t\t\t\t\t<div class=\"elementor-element elementor-element-33c27a11 carovnija elementor-widget elementor-widget-heading\" data-id=\"33c27a11\" data-element_type=\"widget\" data-widget_type=\"heading.default\">\n\t\t\t\t<div class=\"elementor-widget-container\">\n\t\t\t<style>\/*! elementor - v3.12.1 - 02-04-2023 *\/\n.elementor-heading-title{padding:0;margin:0;line-height:1}.elementor-widget-heading .elementor-heading-title[class*=elementor-size-]>a{color:inherit;font-size:inherit;line-height:inherit}.elementor-widget-heading .elementor-heading-title.elementor-size-small{font-size:15px}.elementor-widget-heading .elementor-heading-title.elementor-size-medium{font-size:19px}.elementor-widget-heading .elementor-heading-title.elementor-size-large{font-size:29px}.elementor-widget-heading .elementor-heading-title.elementor-size-xl{font-size:39px}.elementor-widget-heading .elementor-heading-title.elementor-size-xxl{font-size:59px}<\/style><h2 class=\"elementor-heading-title elementor-size-default\">Pi\u0161kotki<\/h2>\t\t<\/div>\n\t\t\t\t<\/div>\n\t\t\t\t<div class=\"elementor-element elementor-element-3f1a694c elementor-widget-divider--separator-type-pattern elementor-widget-divider--view-line elementor-widget elementor-widget-divider\" data-id=\"3f1a694c\" data-element_type=\"widget\" data-widget_type=\"divider.default\">\n\t\t\t\t<div class=\"elementor-widget-container\">\n\t\t\t<style>\/*! elementor - v3.12.1 - 02-04-2023 *\/\n.elementor-widget-divider{--divider-border-style:none;--divider-border-width:1px;--divider-color:#0c0d0e;--divider-icon-size:20px;--divider-element-spacing:10px;--divider-pattern-height:24px;--divider-pattern-size:20px;--divider-pattern-url:none;--divider-pattern-repeat:repeat-x}.elementor-widget-divider .elementor-divider{display:flex}.elementor-widget-divider .elementor-divider__text{font-size:15px;line-height:1;max-width:95%}.elementor-widget-divider .elementor-divider__element{margin:0 var(--divider-element-spacing);flex-shrink:0}.elementor-widget-divider .elementor-icon{font-size:var(--divider-icon-size)}.elementor-widget-divider .elementor-divider-separator{display:flex;margin:0;direction:ltr}.elementor-widget-divider--view-line_icon .elementor-divider-separator,.elementor-widget-divider--view-line_text .elementor-divider-separator{align-items:center}.elementor-widget-divider--view-line_icon .elementor-divider-separator:after,.elementor-widget-divider--view-line_icon .elementor-divider-separator:before,.elementor-widget-divider--view-line_text .elementor-divider-separator:after,.elementor-widget-divider--view-line_text .elementor-divider-separator:before{display:block;content:\"\";border-bottom:0;flex-grow:1;border-top:var(--divider-border-width) var(--divider-border-style) var(--divider-color)}.elementor-widget-divider--element-align-left .elementor-divider .elementor-divider-separator>.elementor-divider__svg:first-of-type{flex-grow:0;flex-shrink:100}.elementor-widget-divider--element-align-left .elementor-divider-separator:before{content:none}.elementor-widget-divider--element-align-left .elementor-divider__element{margin-left:0}.elementor-widget-divider--element-align-right .elementor-divider .elementor-divider-separator>.elementor-divider__svg:last-of-type{flex-grow:0;flex-shrink:100}.elementor-widget-divider--element-align-right .elementor-divider-separator:after{content:none}.elementor-widget-divider--element-align-right .elementor-divider__element{margin-right:0}.elementor-widget-divider:not(.elementor-widget-divider--view-line_text):not(.elementor-widget-divider--view-line_icon) .elementor-divider-separator{border-top:var(--divider-border-width) var(--divider-border-style) var(--divider-color)}.elementor-widget-divider--separator-type-pattern{--divider-border-style:none}.elementor-widget-divider--separator-type-pattern.elementor-widget-divider--view-line .elementor-divider-separator,.elementor-widget-divider--separator-type-pattern:not(.elementor-widget-divider--view-line) .elementor-divider-separator:after,.elementor-widget-divider--separator-type-pattern:not(.elementor-widget-divider--view-line) .elementor-divider-separator:before,.elementor-widget-divider--separator-type-pattern:not([class*=elementor-widget-divider--view]) .elementor-divider-separator{width:100%;min-height:var(--divider-pattern-height);-webkit-mask-size:var(--divider-pattern-size) 100%;mask-size:var(--divider-pattern-size) 100%;-webkit-mask-repeat:var(--divider-pattern-repeat);mask-repeat:var(--divider-pattern-repeat);background-color:var(--divider-color);-webkit-mask-image:var(--divider-pattern-url);mask-image:var(--divider-pattern-url)}.elementor-widget-divider--no-spacing{--divider-pattern-size:auto}.elementor-widget-divider--bg-round{--divider-pattern-repeat:round}.rtl .elementor-widget-divider .elementor-divider__text{direction:rtl}.e-con-inner>.elementor-widget-divider,.e-con>.elementor-widget-divider{width:var(--container-widget-width,100%);--flex-grow:var(--container-widget-flex-grow)}<\/style>\t\t<div class=\"elementor-divider\" style=\"--divider-pattern-url: url(&quot;data:image\/svg+xml,%3Csvg xmlns=&#039;http:\/\/www.w3.org\/2000\/svg&#039; preserveAspectRatio=&#039;none&#039; overflow=&#039;visible&#039; height=&#039;100%&#039; viewBox=&#039;0 0 24 24&#039; fill=&#039;black&#039; stroke=&#039;none&#039;%3E%3Cpath d=&#039;M12.7,2.3c-0.4-0.4-1.1-0.4-1.5,0l-8,9.1c-0.3,0.4-0.3,0.9,0,1.2l8,9.1c0.4,0.4,1.1,0.4,1.5,0l8-9.1c0.3-0.4,0.3-0.9,0-1.2L12.7,2.3z&#039;\/%3E%3C\/svg%3E&quot;);\">\n\t\t\t<span class=\"elementor-divider-separator\">\n\t\t\t\t\t\t<\/span>\n\t\t<\/div>\n\t\t\t\t<\/div>\n\t\t\t\t<\/div>\n\t\t\t\t<section class=\"elementor-section elementor-inner-section elementor-element elementor-element-36bff5ce elementor-section-full_width elementor-section-height-default elementor-section-height-default\" data-id=\"36bff5ce\" data-element_type=\"section\" data-settings=\"{&quot;jet_parallax_layout_list&quot;:[]}\">\n\t\t\t\t\t\t<div class=\"elementor-container elementor-column-gap-default\">\n\t\t\t\t\t<div class=\"elementor-column elementor-col-100 elementor-inner-column elementor-element elementor-element-68fffc1d\" data-id=\"68fffc1d\" data-element_type=\"column\" data-settings=\"{&quot;background_background&quot;:&quot;classic&quot;}\">\n\t\t\t<div class=\"elementor-widget-wrap elementor-element-populated\">\n\t\t\t\t\t\t\t\t<div class=\"elementor-element elementor-element-3869706 elementor-widget elementor-widget-text-editor\" data-id=\"3869706\" data-element_type=\"widget\" data-widget_type=\"text-editor.default\">\n\t\t\t\t<div class=\"elementor-widget-container\">\n\t\t\t<style>\/*! elementor - v3.12.1 - 02-04-2023 *\/\n.elementor-widget-text-editor.elementor-drop-cap-view-stacked .elementor-drop-cap{background-color:#69727d;color:#fff}.elementor-widget-text-editor.elementor-drop-cap-view-framed .elementor-drop-cap{color:#69727d;border:3px solid;background-color:transparent}.elementor-widget-text-editor:not(.elementor-drop-cap-view-default) .elementor-drop-cap{margin-top:8px}.elementor-widget-text-editor:not(.elementor-drop-cap-view-default) .elementor-drop-cap-letter{width:1em;height:1em}.elementor-widget-text-editor .elementor-drop-cap{float:left;text-align:center;line-height:1;font-size:50px}.elementor-widget-text-editor .elementor-drop-cap-letter{display:inline-block}<\/style>\t\t\t\t<p>Pi\u0161kotki so besedilne datoteke, ki jih na va\u0161 ra\u010dunalnik nalo\u017ei spletni stre\u017enik. Pi\u0161kotki ne vsebujejo nobenih podatkov s katerimi bi lahko ugotovili va\u0161o identiteto. S pomo\u010djo pi\u0161kotkov stre\u017enik ve, da ste se vrnili na spletno stran, kar lahko s pridom izkoristimo za prilagoditev spletnega mesta uporabniku.<\/p><p><strong>Nujni pi\u0161kotki:<\/strong>\u00a0Ti pi\u0161kotki so klju\u010dni za navigacijo po spletni strani in uporabo njenih funkcij, kot je dostop do varnih obmo\u010dij. Brez teh pi\u0161kotkov ni mogo\u010de zagotoviti \u017eelenih storitev, na primer sodelovanja v nagradni igri preko obrazca.<\/p><p><strong>Analiti\u010dni pi\u0161kotki:<\/strong>\u00a0Ti pi\u0161kotki zbirajo podatke o uporabi spletne strani, kot so najpogosteje obiskane strani in morebitna sporo\u010dila o napakah. Ne zbirajo podatkov, ki bi omogo\u010dali identifikacijo posameznega uporabnika. Vse informacije so anonimne in zdru\u017eene. Ti pi\u0161kotki se uporabljajo izklju\u010dno za izbolj\u0161anje delovanja spletne strani.<\/p><p><strong>Pi\u0161kotki za funkcionalnost:<\/strong>\u00a0Ti pi\u0161kotki omogo\u010dajo, da si spletna stran zapomni va\u0161e izbire, kot so uporabni\u0161ko ime, jezik ali regija. Posledi\u010dno vam nudi izbolj\u0161ane in bolj personalizirane mo\u017enosti.<\/p><p>Uporabo pi\u0161kotkov v Evropski uniji (EU) dolo\u010da Direktiva o zasebnosti in elektronskih komunikacijah 2002\/58\/ES, katere \u010dlen, ki se nana\u0161a na pi\u0161kotke in podobne tehnologije, je bil spremenjen z Direktivo 136\/2009.<\/p><p>V slovenski zakonodaji uporabo pi\u0161kotkov dolo\u010da Zakon o elektronskih komunikacijah oziroma ZEKom-1 (Uradni list \u0161t. 109\/2012), katerega 157. \u010dlen predstavlja pravno osnovo za skrb za zasebnost uporabnikov spleta.<\/p><p>Spletna stran https:\/\/www.amadeus-ptuj.si\/ za delovanje strani uporablja pi\u0161kotke, ki ne hranijo osebnih podatkov, spremljajo pa aktivnosti obiskovalcev in zanimanje z namenom zagotavljanja bolj\u0161e uporabni\u0161ke izku\u0161nje. Z uporabo spletne strani obiskovalci sogla\u0161ajo z njihovo uporabo.<\/p><p>\u010ce ne \u017eelite uporabljati pi\u0161kotkov, nastavite svoj ra\u010dunalnik tako, da izbri\u0161e vse pi\u0161kotke spletnih strani in\/ali vas opozori, preden se pi\u0161kotek shrani na disk. \u010ce ne \u017eelite spremeniti uporabe pi\u0161kotkov, preprosto nadaljujte na spletno stran.<\/p><p><strong>Kako upravljati pi\u0161kotke na osebnem ra\u010dunalniku\u00a0<\/strong><\/p><p>\u010ce \u017eelite onemogo\u010diti pi\u0161kotke na\u0161e spletne strani, sledite spodnjim korakom.<\/p><ol><li><strong>Google Chrome:<\/strong><ul><li>Odprite brskalnik Google Chrome.<\/li><li>Kliknite na tri pike v zgornjem desnem kotu okna (nad oknom za brskanje).<\/li><li>Izberite \u201cNastavitve\u201d.<\/li><li>Pomaknite se navzdol in kliknite na \u201cNapredne\u201d.<\/li><li>Pod razdelkom \u201cZasebnost in varnost\u201d kliknite na \u201cNastavitve vsebine\u201d.<\/li><li>Izberite \u201cPi\u0161kotki\u201d.<\/li><li>Preklopite stikalo na \u201cBlokiraj\u201d za onemogo\u010danje pi\u0161kotkov.<\/li><\/ul><\/li><li><strong>Mozilla Firefox:<\/strong><ul><li>Odprite brskalnik Mozilla Firefox.<\/li><li>Kliknite na tri \u010drte v zgornjem desnem kotu okna (nad oknom za brskanje).<\/li><li>Izberite \u201cNastavitve\u201d.<\/li><li>Pomaknite se do razdelka \u201cZasebnost &amp; varnost\u201d.<\/li><li>V razdelku \u201cZgodovina\u201d izberite \u201cUporabi nastavitve po meri za zgodovino\u201d.<\/li><li>Ozna\u010dite polje \u201cSprejmi pi\u0161kotke\u201d in izberite \u201cVedno\u201d iz padajo\u010dega menija, nato kliknite \u201cV redu\u201d.<\/li><\/ul><\/li><li><strong>Microsoft Edge:<\/strong><ul><li>Odprite brskalnik Microsoft Edge.<\/li><li>Kliknite na tri pike v zgornjem desnem kotu okna (nad oknom za brskanje).<\/li><li>Izberite \u201cNastavitve\u201d.<\/li><li>Pomaknite se navzdol in kliknite na \u201cOgledi vseh nastavitev\u201d.<\/li><li>Izberite \u201cZasebnost in storitve\u201d.<\/li><li>Pod \u201cPi\u0161kotki\u201d preklopite stikalo na \u201cOnemogo\u010di\u201d.<\/li><\/ul><\/li><li><strong>Apple Safari:<\/strong><ul><li>Odprite brskalnik Safari.<\/li><li>Kliknite na \u201cSafari\u201d v zgornji meni vrstici.<\/li><li>Izberite \u201cNastavitve\u201d.<\/li><li>Kliknite na \u201cZasebnost\u201d.<\/li><li>V razdelku \u201cPi\u0161kotki in podatki spletnih mest\u201d izberite \u201cVedno blokiraj\u201d.<\/li><\/ul><\/li><\/ol><p>Po izvedbi teh korakov boste onemogo\u010dili pi\u0161kotke v izbranem brskalniku na va\u0161em osebnem ra\u010dunalniku. Upo\u0161tevajte, da bo onemogo\u010danje pi\u0161kotkov lahko vplivalo na izku\u0161njo brskanja na spletnem mestu.<\/p><p>\u00a0<\/p>\t\t\t\t\t\t<\/div>\n\t\t\t\t<\/div>\n\t\t\t\t\t<\/div>\n\t\t<\/div>\n\t\t\t\t\t\t\t<\/div>\n\t\t<\/section>\n\t\t\t\t<section class=\"elementor-section elementor-inner-section elementor-element elementor-element-25c3fb5 elementor-section-full_width elementor-hidden-tablet elementor-hidden-mobile elementor-section-height-default elementor-section-height-default\" data-id=\"25c3fb5\" data-element_type=\"section\" data-settings=\"{&quot;jet_parallax_layout_list&quot;:[]}\">\n\t\t\t\t\t\t<div class=\"elementor-container elementor-column-gap-default\">\n\t\t\t\t\t<div class=\"elementor-column elementor-col-100 elementor-inner-column elementor-element elementor-element-20d6d55a\" data-id=\"20d6d55a\" data-element_type=\"column\">\n\t\t\t<div class=\"elementor-widget-wrap\">\n\t\t\t\t\t\t\t\t\t<\/div>\n\t\t<\/div>\n\t\t\t\t\t\t\t<\/div>\n\t\t<\/section>\n\t\t\t\t\t<\/div>\n\t\t<\/div>\n\t\t\t\t\t\t\t<\/div>\n\t\t<\/section>\n\t\t\t\t\t\t\t<\/div>","protected":false},"excerpt":{"rendered":"<p>Pi\u0161kotki Pi\u0161kotki so besedilne datoteke, ki jih na va\u0161 ra\u010dunalnik nalo\u017ei spletni stre\u017enik. Pi\u0161kotki ne vsebujejo nobenih podatkov s katerimi bi lahko ugotovili va\u0161o identiteto. S pomo\u010djo pi\u0161kotkov stre\u017enik ve, da ste se vrnili na spletno stran, kar lahko s pridom izkoristimo za prilagoditev spletnega mesta uporabniku. Nujni pi\u0161kotki:\u00a0Ti pi\u0161kotki so klju\u010dni za navigacijo po spletni strani in uporabo njenih funkcij, kot je dostop do varnih obmo\u010dij. Brez teh pi\u0161kotkov ni mogo\u010de zagotoviti \u017eelenih storitev, na primer sodelovanja v nagradni igri preko obrazca. Analiti\u010dni pi\u0161kotki:\u00a0Ti pi\u0161kotki zbirajo podatke o uporabi spletne strani, kot so najpogosteje obiskane strani in morebitna sporo\u010dila\u2026<\/p>","protected":false},"author":1,"featured_media":0,"parent":0,"menu_order":0,"comment_status":"closed","ping_status":"closed","template":"","meta":{"_seopress_robots_primary_cat":"","footnotes":""},"class_list":["post-8946","page","type-page","status-publish","hentry"],"blocksy_meta":"","_links":{"self":[{"href":"https:\/\/www.amadeus-ptuj.si\/en\/wp-json\/wp\/v2\/pages\/8946","targetHints":{"allow":["GET"]}}],"collection":[{"href":"https:\/\/www.amadeus-ptuj.si\/en\/wp-json\/wp\/v2\/pages"}],"about":[{"href":"https:\/\/www.amadeus-ptuj.si\/en\/wp-json\/wp\/v2\/types\/page"}],"author":[{"embeddable":true,"href":"https:\/\/www.amadeus-ptuj.si\/en\/wp-json\/wp\/v2\/users\/1"}],"replies":[{"embeddable":true,"href":"https:\/\/www.amadeus-ptuj.si\/en\/wp-json\/wp\/v2\/comments?post=8946"}],"version-history":[{"count":0,"href":"https:\/\/www.amadeus-ptuj.si\/en\/wp-json\/wp\/v2\/pages\/8946\/revisions"}],"wp:attachment":[{"href":"https:\/\/www.amadeus-ptuj.si\/en\/wp-json\/wp\/v2\/media?parent=8946"}],"curies":[{"name":"wp","href":"https:\/\/api.w.org\/{rel}","templated":true}]}}